{"id":4400,"date":"2022-06-07T12:48:21","date_gmt":"2022-06-07T12:48:21","guid":{"rendered":"https:\/\/www.lodvila.lt\/%d0%b7%d0%b0%d1%89%d0%b8%d1%89%d0%b5%d0%bd%d0%bd%d0%b0%d1%8f-%d0%bf%d0%b5%d1%87%d0%b0%d1%82%d0%bd%d0%b0%d1%8f-%d0%bf%d1%80%d0%be%d0%b4%d1%83%d0%ba%d1%86%d0%b8%d1%8f\/"},"modified":"2022-09-05T08:08:27","modified_gmt":"2022-09-05T08:08:27","slug":"%d0%b7%d0%b0%d1%89%d0%b8%d1%89%d0%b5%d0%bd%d0%bd%d0%b0%d1%8f-%d0%bf%d0%b5%d1%87%d0%b0%d1%82%d0%bd%d0%b0%d1%8f-%d0%bf%d1%80%d0%be%d0%b4%d1%83%d0%ba%d1%86%d0%b8%d1%8f","status":"publish","type":"page","link":"https:\/\/lodvila.lt\/ru\/%d0%b7%d0%b0%d1%89%d0%b8%d1%89%d0%b5%d0%bd%d0%bd%d0%b0%d1%8f-%d0%bf%d0%b5%d1%87%d0%b0%d1%82%d0%bd%d0%b0%d1%8f-%d0%bf%d1%80%d0%be%d0%b4%d1%83%d0%ba%d1%86%d0%b8%d1%8f\/","title":{"rendered":"\u0417\u0430\u0449\u0438\u0449\u0435\u043d\u043d\u0430\u044f \u043f\u0435\u0447\u0430\u0442\u043d\u0430\u044f \u043f\u0440\u043e\u0434\u0443\u043a\u0446\u0438\u044f"},"content":{"rendered":"<div class=\"wpb-content-wrapper\"><p>[vc_row rt_row_background_width=&#187;fullwidth&#187; rt_row_content_width=&#187;default&#187; rt_row_style=&#187;light-style&#187; rt_row_height=&#187;&#187; rt_column_gaps=&#187;&#187; rt_row_shadows=&#187;&#187; rt_row_paddings=&#187;true&#187; rt_row_borders=&#187;&#187; rt_bg_effect=&#187;slider&#187; rt_transparent_bg=&#187;false&#187; rt_bg_image_repeat=&#187;repeat&#187; rt_bg_size=&#187;cover&#187; rt_bg_position=&#187;right top&#187; rt_bg_layer=&#187;&#187; rt_bg_video_format=&#187;self-hosted&#187; rt_padding_top=&#187;120&#8243; rt_bg_color=&#187;rgba(0,0,0,0.01)&#187;][vc_column rt_col_paddings=&#187;true&#187; rt_wrp_col_paddings=&#187;false&#187; rt_column_shadow=&#187;&#187; rt_border_top=&#187;&#187; rt_border_bottom=&#187;&#187; rt_border_left=&#187;&#187; rt_border_right=&#187;&#187; rt_border_top_mobile=&#187;&#187; rt_border_bottom_mobile=&#187;&#187; rt_border_left_mobile=&#187;&#187; rt_border_right_mobile=&#187;&#187; rt_bg_image_repeat=&#187;repeat&#187; rt_bg_size=&#187;auto auto&#187; rt_bg_position=&#187;right top&#187; rt_bg_attachment=&#187;scroll&#187;][vc_column_text]\u0412\u044b\u043f\u043e\u043b\u043d\u044f\u044f \u043a\u0430\u0436\u0434\u044b\u0439 \u0438\u0437 \u0437\u0430\u043a\u0430\u0437\u043e\u0432, \u043c\u044b \u0432\u0441\u0435\u0433\u0434\u0430 \u0442\u0435\u0441\u043d\u043e \u0441\u043e\u0442\u0440\u0443\u0434\u043d\u0438\u0447\u0430\u0435\u043c \u0441 \u043a\u043b\u0438\u0435\u043d\u0442\u043e\u043c. \u041e\u0442\u0432\u0435\u0442\u0441\u0442\u0432\u0435\u043d\u043d\u043e \u0430\u043d\u0430\u043b\u0438\u0437\u0438\u0440\u0443\u0435\u043c \u043d\u0435\u043e\u0431\u0445\u043e\u0434\u0438\u043c\u043e\u0441\u0442\u044c \u0443\u0441\u043b\u0443\u0433 \u043f\u043e\u0434\u0433\u043e\u0442\u043e\u0432\u043a\u0438 \u043a \u043f\u0435\u0447\u0430\u0442\u0438, \u043d\u0435\u043f\u043e\u0441\u0440\u0435\u0434\u0441\u0442\u0432\u0435\u043d\u043d\u043e \u043f\u0435\u0447\u0430\u0442\u0438 \u0438 \u043f\u043e\u0441\u043b\u0435\u043f\u0435\u0447\u0430\u0442\u043d\u044b\u0445 \u0443\u0441\u043b\u0443\u0433, \u043f\u043e\u0434\u0431\u0438\u0440\u0430\u0435\u043c \u043d\u0430\u0438\u0431\u043e\u043b\u0435\u0435 \u043e\u043f\u0442\u0438\u043c\u0430\u043b\u044c\u043d\u0443\u044e \u043a\u043e\u043c\u0431\u0438\u043d\u0430\u0446\u0438\u044e \u0441\u0435\u043a\u0440\u0435\u0442\u043d\u044b\u0445 \u0438 \u043e\u0442\u043a\u0440\u044b\u0442\u044b\u0445 \u0441\u0440\u0435\u0434\u0441\u0442\u0432 \u0437\u0430\u0449\u0438\u0442\u044b \u0434\u043e\u043a\u0443\u043c\u0435\u043d\u0442\u0430 \u2013 \u043e\u0442 \u0434\u0438\u0437\u0430\u0439\u043d\u0430 \u0437\u0430\u0449\u0438\u0442\u044b \u0438 \u0441\u0445\u0435\u043c \u043d\u0443\u043c\u0435\u0440\u0430\u0446\u0438\u0438 \u0434\u043e \u0432\u043e\u0434\u044f\u043d\u044b\u0445 \u0437\u043d\u0430\u043a\u043e\u0432, \u0441\u043f\u0435\u0446\u0438\u0430\u043b\u044c\u043d\u044b\u0445 \u043a\u0440\u0430\u0441\u043e\u043a, \u0433\u043e\u043b\u043e\u0433\u0440\u0430\u043c\u043c \u0438 \u0440\u0430\u0437\u043d\u044b\u0445 \u0434\u0440\u0443\u0433\u0438\u0445 \u043c\u0435\u0442\u043e\u0434\u043e\u0432 \u0437\u0430\u0449\u0438\u0442\u044b.[\/vc_column_text][\/vc_column][\/vc_row][vc_row rt_row_background_width=&#187;fullwidth&#187; rt_row_content_width=&#187;default&#187; rt_row_style=&#187;light-style&#187; rt_row_height=&#187;&#187; rt_column_gaps=&#187;&#187; rt_row_shadows=&#187;&#187; rt_row_paddings=&#187;true&#187; rt_row_borders=&#187;&#187; rt_bg_effect=&#187;slider&#187; rt_transparent_bg=&#187;false&#187; rt_bg_image_repeat=&#187;repeat&#187; rt_bg_size=&#187;cover&#187; rt_bg_position=&#187;right top&#187; rt_bg_layer=&#187;&#187; rt_bg_video_format=&#187;self-hosted&#187; rt_padding_bottom=&#187;100&#8243; rt_bg_color=&#187;rgba(0,0,0,0.01)&#187;][vc_column width=&#187;1\/2&#8243; rt_col_paddings=&#187;true&#187; rt_wrp_col_paddings=&#187;false&#187; rt_column_shadow=&#187;&#187; rt_border_top=&#187;&#187; rt_border_bottom=&#187;&#187; rt_border_left=&#187;&#187; rt_border_right=&#187;&#187; rt_border_top_mobile=&#187;&#187; rt_border_bottom_mobile=&#187;&#187; rt_border_left_mobile=&#187;&#187; rt_border_right_mobile=&#187;&#187; rt_bg_image_repeat=&#187;repeat&#187; rt_bg_size=&#187;auto auto&#187; rt_bg_position=&#187;right top&#187; rt_bg_attachment=&#187;scroll&#187;][vc_column_text]\u041c\u044b \u0432\u044b\u043f\u0443\u0441\u043a\u0430\u0435\u043c \u0438\u0437\u0434\u0435\u043b\u0438\u044f \u043d\u0430\u0438\u0432\u044b\u0441\u0448\u0435\u0439 \u043a\u0430\u0442\u0435\u0433\u043e\u0440\u0438\u0438 \u0437\u0430\u0449\u0438\u0442\u044b:<\/p>\n<ul>\n<li>\u0414\u043e\u043a\u0443\u043c\u0435\u043d\u0442\u044b, \u0443\u0434\u043e\u0441\u0442\u043e\u0432\u0435\u0440\u044f\u044e\u0449\u0438\u0435 \u043b\u0438\u0447\u043d\u043e\u0441\u0442\u044c<\/li>\n<li>\u0420\u0430\u0437\u0440\u0435\u0448\u0435\u043d\u0438\u044f \u043d\u0430 \u043f\u0440\u043e\u0436\u0438\u0432\u0430\u043d\u0438\u0435 \u0432 \u041b\u0438\u0442\u0432\u0435<\/li>\n<li>\u0423\u0434\u043e\u0441\u0442\u043e\u0432\u0435\u0440\u0435\u043d\u0438\u044f \u0433\u043e\u0441\u0443\u0434\u0430\u0440\u0441\u0442\u0432\u0435\u043d\u043d\u044b\u0445 \u0441\u043b\u0443\u0436\u0430\u0449\u0438\u0445<\/li>\n<li>\u0410\u043a\u043a\u0440\u0435\u0434\u0438\u0442\u0430\u0446\u0438\u043e\u043d\u043d\u044b\u0435 \u0443\u0434\u043e\u0441\u0442\u043e\u0432\u0435\u0440\u0435\u043d\u0438\u044f<\/li>\n<li>\u0415\u0432\u0440\u043e\u043f\u0435\u0439\u0441\u043a\u0438\u0435 \u043a\u0430\u0440\u0442\u044b \u0441\u0442\u0440\u0430\u0445\u043e\u0432\u0430\u043d\u0438\u044f<\/li>\n<li>\u0420\u0430\u0437\u043d\u044b\u0435 \u0443\u0434\u043e\u0441\u0442\u043e\u0432\u0435\u0440\u0435\u043d\u0438\u044f \u0438 \u043f\u0440\u043e\u043f\u0443\u0441\u043a\u0438 (\u0440\u0430\u0437\u0440\u0435\u0448\u0435\u043d\u0438\u044f) \u0434\u043b\u044f \u043e\u0440\u0433\u0430\u043d\u0438\u0437\u0430\u0446\u0438\u0439<\/li>\n<li>\u0412\u043e\u0434\u0438\u0442\u0435\u043b\u044c\u0441\u043a\u0438\u0435 \u0443\u0434\u043e\u0441\u0442\u043e\u0432\u0435\u0440\u0435\u043d\u0438\u044f<\/li>\n<li>\u042d\u043b\u0435\u043a\u0442\u0440\u043e\u043d\u043d\u044b\u0435 \u0442\u0430\u0445\u043e\u0433\u0440\u0430\u0444\u044b<\/li>\n<li>\u0411\u0430\u043d\u0434\u0435\u0440\u043e\u043b\u0438 \u0434\u043b\u044f \u0430\u043b\u043a\u043e\u0433\u043e\u043b\u044c\u043d\u044b\u0445 \u0438 \u0442\u0430\u0431\u0430\u0447\u043d\u044b\u0445 \u0438\u0437\u0434\u0435\u043b\u0438\u0439<\/li>\n<li>\u0411\u0443\u043c\u0430\u0436\u043d\u044b\u0435 \u0438 \u043f\u043b\u0430\u0441\u0442\u0438\u043a\u043e\u0432\u044b\u0435 \u0431\u0438\u043b\u0435\u0442\u044b \u0434\u043b\u044f \u043c\u0435\u0440\u043e\u043f\u0440\u0438\u044f\u0442\u0438\u0439<\/li>\n<li>\u0411\u0443\u043c\u0430\u0436\u043d\u044b\u0435 \u0438 \u043f\u043b\u0430\u0441\u0442\u0438\u043a\u043e\u0432\u044b\u0435 \u0442\u0440\u0430\u043d\u0441\u043f\u043e\u0440\u0442\u043d\u044b\u0435 \u0431\u0438\u043b\u0435\u0442\u044b<\/li>\n<li>\u041b\u043e\u0442\u0435\u0440\u0435\u0439\u043d\u044b\u0435 \u0431\u0438\u043b\u0435\u0442\u044b \u0441\u043e \u0441\u043a\u0440\u0435\u0442\u0447-\u0441\u043b\u043e\u0435\u043c<\/li>\n<li>\u0420\u0430\u0437\u043d\u044b\u0435 \u0434\u0440\u0443\u0433\u0438\u0435 \u0431\u0443\u043c\u0430\u0436\u043d\u044b\u0435 \u0434\u043e\u043a\u0443\u043c\u0435\u043d\u0442\u044b<\/li>\n<\/ul>\n<p>[\/vc_column_text][vc_empty_space]<a  href=\"\/ru\/\u0433\u0430\u043b\u0435\u0440\u0435\u044f\/\" target=\"_self\" title=\"Kontaktai\" class=\"read_more  heading-font text small\">\u0413\u0430\u043b\u0435\u0440\u0435\u044f<\/a>[\/vc_column][vc_column width=&#187;1\/2&#8243; rt_col_paddings=&#187;true&#187; rt_wrp_col_paddings=&#187;false&#187; rt_column_shadow=&#187;&#187; rt_border_top=&#187;&#187; rt_border_bottom=&#187;&#187; rt_border_left=&#187;&#187; rt_border_right=&#187;&#187; rt_border_top_mobile=&#187;&#187; rt_border_bottom_mobile=&#187;&#187; rt_border_left_mobile=&#187;&#187; rt_border_right_mobile=&#187;&#187; rt_bg_image_repeat=&#187;repeat&#187; rt_bg_size=&#187;auto auto&#187; rt_bg_position=&#187;right top&#187; rt_bg_attachment=&#187;scroll&#187;][vc_single_image image=&#187;4474&#8243; img_size=&#187;full&#187;][\/vc_column][\/vc_row][vc_row rt_row_background_width=&#187;fullwidth&#187; rt_row_content_width=&#187;default&#187; rt_row_style=&#187;default-style&#187; rt_row_height=&#187;&#187; rt_column_gaps=&#187;&#187; rt_row_shadows=&#187;&#187; rt_row_paddings=&#187;true&#187; rt_row_borders=&#187;&#187; rt_bg_effect=&#187;classic&#187; rt_transparent_bg=&#187;false&#187; rt_bg_image_repeat=&#187;repeat&#187; rt_bg_size=&#187;cover&#187; rt_bg_position=&#187;right top&#187; rt_bg_attachment=&#187;scroll&#187; rt_bg_layer=&#187;&#187; rt_bg_video_format=&#187;self-hosted&#187;][vc_column rt_col_paddings=&#187;true&#187; rt_wrp_col_paddings=&#187;false&#187; rt_column_shadow=&#187;&#187; rt_border_top=&#187;&#187; rt_border_bottom=&#187;&#187; rt_border_left=&#187;&#187; rt_border_right=&#187;&#187; rt_border_top_mobile=&#187;&#187; rt_border_bottom_mobile=&#187;&#187; rt_border_left_mobile=&#187;&#187; rt_border_right_mobile=&#187;&#187; rt_bg_image_repeat=&#187;repeat&#187; rt_bg_size=&#187;auto auto&#187; rt_bg_position=&#187;right top&#187; rt_bg_attachment=&#187;scroll&#187;][vc_column_text]<\/p>\n<p>[\/vc_column_text][\/vc_column][\/vc_row]<\/p>\n<\/div>","protected":false},"excerpt":{"rendered":"<p>[vc_row rt_row_background_width=&#187;fullwidth&#187; rt_row_content_width=&#187;default&#187; rt_row_style=&#187;light-style&#187; rt_row_height=&#187;&#187; rt_column_gaps=&#187;&#187; rt_row_shadows=&#187;&#187; rt_row_paddings=&#187;true&#187; rt_row_borders=&#187;&#187; rt_bg_effect=&#187;slider&#187; rt_transparent_bg=&#187;false&#187; rt_bg_image_repeat=&#187;repeat&#187; rt_bg_size=&#187;cover&#187; rt_bg_position=&#187;right top&#187; rt_bg_layer=&#187;&#187; rt_bg_video_format=&#187;self-hosted&#187; rt_padding_top=&#187;120&#8243; rt_bg_color=&#187;rgba(0,0,0,0.01)&#187;][vc_column rt_col_paddings=&#187;true&#187; rt_wrp_col_paddings=&#187;false&#187; rt_column_shadow=&#187;&#187; rt_border_top=&#187;&#187; rt_border_bottom=&#187;&#187; rt_border_left=&#187;&#187; rt_border_right=&#187;&#187; rt_border_top_mobile=&#187;&#187; rt_border_bottom_mobile=&#187;&#187; rt_border_left_mobile=&#187;&#187; rt_border_right_mobile=&#187;&#187; rt_bg_image_repeat=&#187;repeat&#187; rt_bg_size=&#187;auto auto&#187; rt_bg_position=&#187;right top&#187; rt_bg_attachment=&#187;scroll&#187;][vc_column_text]\u0412\u044b\u043f\u043e\u043b\u043d\u044f\u044f \u043a\u0430\u0436\u0434\u044b\u0439 \u0438\u0437 \u0437\u0430\u043a\u0430\u0437\u043e\u0432, \u043c\u044b \u0432\u0441\u0435\u0433\u0434\u0430 \u0442\u0435\u0441\u043d\u043e \u0441\u043e\u0442\u0440\u0443\u0434\u043d\u0438\u0447\u0430\u0435\u043c \u0441 \u043a\u043b\u0438\u0435\u043d\u0442\u043e\u043c. \u041e\u0442\u0432\u0435\u0442\u0441\u0442\u0432\u0435\u043d\u043d\u043e \u0430\u043d\u0430\u043b\u0438\u0437\u0438\u0440\u0443\u0435\u043c \u043d\u0435\u043e\u0431\u0445\u043e\u0434\u0438\u043c\u043e\u0441\u0442\u044c \u0443\u0441\u043b\u0443\u0433 \u043f\u043e\u0434\u0433\u043e\u0442\u043e\u0432\u043a\u0438 \u043a \u043f\u0435\u0447\u0430\u0442\u0438, \u043d\u0435\u043f\u043e\u0441\u0440\u0435\u0434\u0441\u0442\u0432\u0435\u043d\u043d\u043e \u043f\u0435\u0447\u0430\u0442\u0438 \u0438 [&hellip;]<\/p>\n","protected":false},"author":1,"featured_media":0,"parent":0,"menu_order":0,"comment_status":"closed","ping_status":"closed","template":"","meta":{"footnotes":""},"class_list":["post-4400","page","type-page","status-publish","hentry"],"yoast_head":"<!-- This site is optimized with the Yoast SEO plugin v27.4 - https:\/\/yoast.com\/product\/yoast-seo-wordpress\/ -->\n<title>\u0417\u0430\u0449\u0438\u0449\u0435\u043d\u043d\u0430\u044f \u043f\u0435\u0447\u0430\u0442\u043d\u0430\u044f \u043f\u0440\u043e\u0434\u0443\u043a\u0446\u0438\u044f - LODVILA<\/title>\n<meta name=\"robots\" content=\"index, follow, max-snippet:-1, max-image-preview:large, max-video-preview:-1\" \/>\n<link rel=\"canonical\" href=\"https:\/\/lodvila.lt\/ru\/\u0437\u0430\u0449\u0438\u0449\u0435\u043d\u043d\u0430\u044f-\u043f\u0435\u0447\u0430\u0442\u043d\u0430\u044f-\u043f\u0440\u043e\u0434\u0443\u043a\u0446\u0438\u044f\/\" \/>\n<meta property=\"og:locale\" content=\"ru_RU\" \/>\n<meta property=\"og:type\" content=\"article\" \/>\n<meta property=\"og:title\" content=\"\u0417\u0430\u0449\u0438\u0449\u0435\u043d\u043d\u0430\u044f \u043f\u0435\u0447\u0430\u0442\u043d\u0430\u044f \u043f\u0440\u043e\u0434\u0443\u043a\u0446\u0438\u044f - LODVILA\" \/>\n<meta property=\"og:description\" content=\"[vc_row rt_row_background_width=&#187;fullwidth&#187; rt_row_content_width=&#187;default&#187; rt_row_style=&#187;light-style&#187; rt_row_height=&#187;&#187; rt_column_gaps=&#187;&#187; rt_row_shadows=&#187;&#187; rt_row_paddings=&#187;true&#187; rt_row_borders=&#187;&#187; rt_bg_effect=&#187;slider&#187; rt_transparent_bg=&#187;false&#187; rt_bg_image_repeat=&#187;repeat&#187; rt_bg_size=&#187;cover&#187; rt_bg_position=&#187;right top&#187; rt_bg_layer=&#187;&#187; rt_bg_video_format=&#187;self-hosted&#187; rt_padding_top=&#187;120&#8243; rt_bg_color=&#187;rgba(0,0,0,0.01)&#187;][vc_column rt_col_paddings=&#187;true&#187; rt_wrp_col_paddings=&#187;false&#187; rt_column_shadow=&#187;&#187; rt_border_top=&#187;&#187; rt_border_bottom=&#187;&#187; rt_border_left=&#187;&#187; rt_border_right=&#187;&#187; rt_border_top_mobile=&#187;&#187; rt_border_bottom_mobile=&#187;&#187; rt_border_left_mobile=&#187;&#187; rt_border_right_mobile=&#187;&#187; rt_bg_image_repeat=&#187;repeat&#187; rt_bg_size=&#187;auto auto&#187; rt_bg_position=&#187;right top&#187; rt_bg_attachment=&#187;scroll&#187;][vc_column_text]\u0412\u044b\u043f\u043e\u043b\u043d\u044f\u044f \u043a\u0430\u0436\u0434\u044b\u0439 \u0438\u0437 \u0437\u0430\u043a\u0430\u0437\u043e\u0432, \u043c\u044b \u0432\u0441\u0435\u0433\u0434\u0430 \u0442\u0435\u0441\u043d\u043e \u0441\u043e\u0442\u0440\u0443\u0434\u043d\u0438\u0447\u0430\u0435\u043c \u0441 \u043a\u043b\u0438\u0435\u043d\u0442\u043e\u043c. \u041e\u0442\u0432\u0435\u0442\u0441\u0442\u0432\u0435\u043d\u043d\u043e \u0430\u043d\u0430\u043b\u0438\u0437\u0438\u0440\u0443\u0435\u043c \u043d\u0435\u043e\u0431\u0445\u043e\u0434\u0438\u043c\u043e\u0441\u0442\u044c \u0443\u0441\u043b\u0443\u0433 \u043f\u043e\u0434\u0433\u043e\u0442\u043e\u0432\u043a\u0438 \u043a \u043f\u0435\u0447\u0430\u0442\u0438, \u043d\u0435\u043f\u043e\u0441\u0440\u0435\u0434\u0441\u0442\u0432\u0435\u043d\u043d\u043e \u043f\u0435\u0447\u0430\u0442\u0438 \u0438 [&hellip;]\" \/>\n<meta property=\"og:url\" content=\"https:\/\/lodvila.lt\/ru\/\u0437\u0430\u0449\u0438\u0449\u0435\u043d\u043d\u0430\u044f-\u043f\u0435\u0447\u0430\u0442\u043d\u0430\u044f-\u043f\u0440\u043e\u0434\u0443\u043a\u0446\u0438\u044f\/\" \/>\n<meta property=\"og:site_name\" content=\"LODVILA\" \/>\n<meta property=\"article:modified_time\" content=\"2022-09-05T08:08:27+00:00\" \/>\n<meta name=\"twitter:card\" content=\"summary_large_image\" \/>\n<meta name=\"twitter:label1\" content=\"\u041f\u0440\u0438\u043c\u0435\u0440\u043d\u043e\u0435 \u0432\u0440\u0435\u043c\u044f \u0434\u043b\u044f \u0447\u0442\u0435\u043d\u0438\u044f\" \/>\n\t<meta name=\"twitter:data1\" content=\"3 \u043c\u0438\u043d\u0443\u0442\u044b\" \/>\n<script type=\"application\/ld+json\" class=\"yoast-schema-graph\">{\"@context\":\"https:\\\/\\\/schema.org\",\"@graph\":[{\"@type\":\"WebPage\",\"@id\":\"https:\\\/\\\/lodvila.lt\\\/ru\\\/%d0%b7%d0%b0%d1%89%d0%b8%d1%89%d0%b5%d0%bd%d0%bd%d0%b0%d1%8f-%d0%bf%d0%b5%d1%87%d0%b0%d1%82%d0%bd%d0%b0%d1%8f-%d0%bf%d1%80%d0%be%d0%b4%d1%83%d0%ba%d1%86%d0%b8%d1%8f\\\/\",\"url\":\"https:\\\/\\\/lodvila.lt\\\/ru\\\/%d0%b7%d0%b0%d1%89%d0%b8%d1%89%d0%b5%d0%bd%d0%bd%d0%b0%d1%8f-%d0%bf%d0%b5%d1%87%d0%b0%d1%82%d0%bd%d0%b0%d1%8f-%d0%bf%d1%80%d0%be%d0%b4%d1%83%d0%ba%d1%86%d0%b8%d1%8f\\\/\",\"name\":\"\u0417\u0430\u0449\u0438\u0449\u0435\u043d\u043d\u0430\u044f \u043f\u0435\u0447\u0430\u0442\u043d\u0430\u044f \u043f\u0440\u043e\u0434\u0443\u043a\u0446\u0438\u044f - LODVILA\",\"isPartOf\":{\"@id\":\"https:\\\/\\\/lodvila.lt\\\/#website\"},\"datePublished\":\"2022-06-07T12:48:21+00:00\",\"dateModified\":\"2022-09-05T08:08:27+00:00\",\"breadcrumb\":{\"@id\":\"https:\\\/\\\/lodvila.lt\\\/ru\\\/%d0%b7%d0%b0%d1%89%d0%b8%d1%89%d0%b5%d0%bd%d0%bd%d0%b0%d1%8f-%d0%bf%d0%b5%d1%87%d0%b0%d1%82%d0%bd%d0%b0%d1%8f-%d0%bf%d1%80%d0%be%d0%b4%d1%83%d0%ba%d1%86%d0%b8%d1%8f\\\/#breadcrumb\"},\"inLanguage\":\"ru-RU\",\"potentialAction\":[{\"@type\":\"ReadAction\",\"target\":[\"https:\\\/\\\/lodvila.lt\\\/ru\\\/%d0%b7%d0%b0%d1%89%d0%b8%d1%89%d0%b5%d0%bd%d0%bd%d0%b0%d1%8f-%d0%bf%d0%b5%d1%87%d0%b0%d1%82%d0%bd%d0%b0%d1%8f-%d0%bf%d1%80%d0%be%d0%b4%d1%83%d0%ba%d1%86%d0%b8%d1%8f\\\/\"]}]},{\"@type\":\"BreadcrumbList\",\"@id\":\"https:\\\/\\\/lodvila.lt\\\/ru\\\/%d0%b7%d0%b0%d1%89%d0%b8%d1%89%d0%b5%d0%bd%d0%bd%d0%b0%d1%8f-%d0%bf%d0%b5%d1%87%d0%b0%d1%82%d0%bd%d0%b0%d1%8f-%d0%bf%d1%80%d0%be%d0%b4%d1%83%d0%ba%d1%86%d0%b8%d1%8f\\\/#breadcrumb\",\"itemListElement\":[{\"@type\":\"ListItem\",\"position\":1,\"name\":\"Home\",\"item\":\"https:\\\/\\\/lodvila.lt\\\/ru\\\/%d0%b3%d0%bb%d0%b0%d0%b2%d0%bd%d0%b0%d1%8f\\\/\"},{\"@type\":\"ListItem\",\"position\":2,\"name\":\"\u0417\u0430\u0449\u0438\u0449\u0435\u043d\u043d\u0430\u044f \u043f\u0435\u0447\u0430\u0442\u043d\u0430\u044f \u043f\u0440\u043e\u0434\u0443\u043a\u0446\u0438\u044f\"}]},{\"@type\":\"WebSite\",\"@id\":\"https:\\\/\\\/lodvila.lt\\\/#website\",\"url\":\"https:\\\/\\\/lodvila.lt\\\/\",\"name\":\"LODVILA\",\"description\":\"25+ metus esame Baltijos \u0161ali\u0173 saugios spaudos lyderi\u0173 gretose. Pasitelkdami pa\u017eangiausias technologijas ir patyrusi\u0173 specialist\u0173 komand\u0105 gaminame auk\u0161\u010diausiu tarptautiniu lygiu apsaugotus dokumentus.\",\"publisher\":{\"@id\":\"https:\\\/\\\/lodvila.lt\\\/#organization\"},\"potentialAction\":[{\"@type\":\"SearchAction\",\"target\":{\"@type\":\"EntryPoint\",\"urlTemplate\":\"https:\\\/\\\/lodvila.lt\\\/?s={search_term_string}\"},\"query-input\":{\"@type\":\"PropertyValueSpecification\",\"valueRequired\":true,\"valueName\":\"search_term_string\"}}],\"inLanguage\":\"ru-RU\"},{\"@type\":\"Organization\",\"@id\":\"https:\\\/\\\/lodvila.lt\\\/#organization\",\"name\":\"LODVILA\",\"url\":\"https:\\\/\\\/lodvila.lt\\\/\",\"logo\":{\"@type\":\"ImageObject\",\"inLanguage\":\"ru-RU\",\"@id\":\"https:\\\/\\\/lodvila.lt\\\/#\\\/schema\\\/logo\\\/image\\\/\",\"url\":\"https:\\\/\\\/lodvila.lt\\\/wp-content\\\/uploads\\\/2022\\\/06\\\/LODVILA_logo-pilkas-01.jpg\",\"contentUrl\":\"https:\\\/\\\/lodvila.lt\\\/wp-content\\\/uploads\\\/2022\\\/06\\\/LODVILA_logo-pilkas-01.jpg\",\"width\":540,\"height\":541,\"caption\":\"LODVILA\"},\"image\":{\"@id\":\"https:\\\/\\\/lodvila.lt\\\/#\\\/schema\\\/logo\\\/image\\\/\"}}]}<\/script>\n<!-- \/ Yoast SEO plugin. -->","yoast_head_json":{"title":"\u0417\u0430\u0449\u0438\u0449\u0435\u043d\u043d\u0430\u044f \u043f\u0435\u0447\u0430\u0442\u043d\u0430\u044f \u043f\u0440\u043e\u0434\u0443\u043a\u0446\u0438\u044f - LODVILA","robots":{"index":"index","follow":"follow","max-snippet":"max-snippet:-1","max-image-preview":"max-image-preview:large","max-video-preview":"max-video-preview:-1"},"canonical":"https:\/\/lodvila.lt\/ru\/\u0437\u0430\u0449\u0438\u0449\u0435\u043d\u043d\u0430\u044f-\u043f\u0435\u0447\u0430\u0442\u043d\u0430\u044f-\u043f\u0440\u043e\u0434\u0443\u043a\u0446\u0438\u044f\/","og_locale":"ru_RU","og_type":"article","og_title":"\u0417\u0430\u0449\u0438\u0449\u0435\u043d\u043d\u0430\u044f \u043f\u0435\u0447\u0430\u0442\u043d\u0430\u044f \u043f\u0440\u043e\u0434\u0443\u043a\u0446\u0438\u044f - LODVILA","og_description":"[vc_row rt_row_background_width=&#187;fullwidth&#187; rt_row_content_width=&#187;default&#187; rt_row_style=&#187;light-style&#187; rt_row_height=&#187;&#187; rt_column_gaps=&#187;&#187; rt_row_shadows=&#187;&#187; rt_row_paddings=&#187;true&#187; rt_row_borders=&#187;&#187; rt_bg_effect=&#187;slider&#187; rt_transparent_bg=&#187;false&#187; rt_bg_image_repeat=&#187;repeat&#187; rt_bg_size=&#187;cover&#187; rt_bg_position=&#187;right top&#187; rt_bg_layer=&#187;&#187; rt_bg_video_format=&#187;self-hosted&#187; rt_padding_top=&#187;120&#8243; rt_bg_color=&#187;rgba(0,0,0,0.01)&#187;][vc_column rt_col_paddings=&#187;true&#187; rt_wrp_col_paddings=&#187;false&#187; rt_column_shadow=&#187;&#187; rt_border_top=&#187;&#187; rt_border_bottom=&#187;&#187; rt_border_left=&#187;&#187; rt_border_right=&#187;&#187; rt_border_top_mobile=&#187;&#187; rt_border_bottom_mobile=&#187;&#187; rt_border_left_mobile=&#187;&#187; rt_border_right_mobile=&#187;&#187; rt_bg_image_repeat=&#187;repeat&#187; rt_bg_size=&#187;auto auto&#187; rt_bg_position=&#187;right top&#187; rt_bg_attachment=&#187;scroll&#187;][vc_column_text]\u0412\u044b\u043f\u043e\u043b\u043d\u044f\u044f \u043a\u0430\u0436\u0434\u044b\u0439 \u0438\u0437 \u0437\u0430\u043a\u0430\u0437\u043e\u0432, \u043c\u044b \u0432\u0441\u0435\u0433\u0434\u0430 \u0442\u0435\u0441\u043d\u043e \u0441\u043e\u0442\u0440\u0443\u0434\u043d\u0438\u0447\u0430\u0435\u043c \u0441 \u043a\u043b\u0438\u0435\u043d\u0442\u043e\u043c. \u041e\u0442\u0432\u0435\u0442\u0441\u0442\u0432\u0435\u043d\u043d\u043e \u0430\u043d\u0430\u043b\u0438\u0437\u0438\u0440\u0443\u0435\u043c \u043d\u0435\u043e\u0431\u0445\u043e\u0434\u0438\u043c\u043e\u0441\u0442\u044c \u0443\u0441\u043b\u0443\u0433 \u043f\u043e\u0434\u0433\u043e\u0442\u043e\u0432\u043a\u0438 \u043a \u043f\u0435\u0447\u0430\u0442\u0438, \u043d\u0435\u043f\u043e\u0441\u0440\u0435\u0434\u0441\u0442\u0432\u0435\u043d\u043d\u043e \u043f\u0435\u0447\u0430\u0442\u0438 \u0438 [&hellip;]","og_url":"https:\/\/lodvila.lt\/ru\/\u0437\u0430\u0449\u0438\u0449\u0435\u043d\u043d\u0430\u044f-\u043f\u0435\u0447\u0430\u0442\u043d\u0430\u044f-\u043f\u0440\u043e\u0434\u0443\u043a\u0446\u0438\u044f\/","og_site_name":"LODVILA","article_modified_time":"2022-09-05T08:08:27+00:00","twitter_card":"summary_large_image","twitter_misc":{"\u041f\u0440\u0438\u043c\u0435\u0440\u043d\u043e\u0435 \u0432\u0440\u0435\u043c\u044f \u0434\u043b\u044f \u0447\u0442\u0435\u043d\u0438\u044f":"3 \u043c\u0438\u043d\u0443\u0442\u044b"},"schema":{"@context":"https:\/\/schema.org","@graph":[{"@type":"WebPage","@id":"https:\/\/lodvila.lt\/ru\/%d0%b7%d0%b0%d1%89%d0%b8%d1%89%d0%b5%d0%bd%d0%bd%d0%b0%d1%8f-%d0%bf%d0%b5%d1%87%d0%b0%d1%82%d0%bd%d0%b0%d1%8f-%d0%bf%d1%80%d0%be%d0%b4%d1%83%d0%ba%d1%86%d0%b8%d1%8f\/","url":"https:\/\/lodvila.lt\/ru\/%d0%b7%d0%b0%d1%89%d0%b8%d1%89%d0%b5%d0%bd%d0%bd%d0%b0%d1%8f-%d0%bf%d0%b5%d1%87%d0%b0%d1%82%d0%bd%d0%b0%d1%8f-%d0%bf%d1%80%d0%be%d0%b4%d1%83%d0%ba%d1%86%d0%b8%d1%8f\/","name":"\u0417\u0430\u0449\u0438\u0449\u0435\u043d\u043d\u0430\u044f \u043f\u0435\u0447\u0430\u0442\u043d\u0430\u044f \u043f\u0440\u043e\u0434\u0443\u043a\u0446\u0438\u044f - LODVILA","isPartOf":{"@id":"https:\/\/lodvila.lt\/#website"},"datePublished":"2022-06-07T12:48:21+00:00","dateModified":"2022-09-05T08:08:27+00:00","breadcrumb":{"@id":"https:\/\/lodvila.lt\/ru\/%d0%b7%d0%b0%d1%89%d0%b8%d1%89%d0%b5%d0%bd%d0%bd%d0%b0%d1%8f-%d0%bf%d0%b5%d1%87%d0%b0%d1%82%d0%bd%d0%b0%d1%8f-%d0%bf%d1%80%d0%be%d0%b4%d1%83%d0%ba%d1%86%d0%b8%d1%8f\/#breadcrumb"},"inLanguage":"ru-RU","potentialAction":[{"@type":"ReadAction","target":["https:\/\/lodvila.lt\/ru\/%d0%b7%d0%b0%d1%89%d0%b8%d1%89%d0%b5%d0%bd%d0%bd%d0%b0%d1%8f-%d0%bf%d0%b5%d1%87%d0%b0%d1%82%d0%bd%d0%b0%d1%8f-%d0%bf%d1%80%d0%be%d0%b4%d1%83%d0%ba%d1%86%d0%b8%d1%8f\/"]}]},{"@type":"BreadcrumbList","@id":"https:\/\/lodvila.lt\/ru\/%d0%b7%d0%b0%d1%89%d0%b8%d1%89%d0%b5%d0%bd%d0%bd%d0%b0%d1%8f-%d0%bf%d0%b5%d1%87%d0%b0%d1%82%d0%bd%d0%b0%d1%8f-%d0%bf%d1%80%d0%be%d0%b4%d1%83%d0%ba%d1%86%d0%b8%d1%8f\/#breadcrumb","itemListElement":[{"@type":"ListItem","position":1,"name":"Home","item":"https:\/\/lodvila.lt\/ru\/%d0%b3%d0%bb%d0%b0%d0%b2%d0%bd%d0%b0%d1%8f\/"},{"@type":"ListItem","position":2,"name":"\u0417\u0430\u0449\u0438\u0449\u0435\u043d\u043d\u0430\u044f \u043f\u0435\u0447\u0430\u0442\u043d\u0430\u044f \u043f\u0440\u043e\u0434\u0443\u043a\u0446\u0438\u044f"}]},{"@type":"WebSite","@id":"https:\/\/lodvila.lt\/#website","url":"https:\/\/lodvila.lt\/","name":"LODVILA","description":"25+ metus esame Baltijos \u0161ali\u0173 saugios spaudos lyderi\u0173 gretose. Pasitelkdami pa\u017eangiausias technologijas ir patyrusi\u0173 specialist\u0173 komand\u0105 gaminame auk\u0161\u010diausiu tarptautiniu lygiu apsaugotus dokumentus.","publisher":{"@id":"https:\/\/lodvila.lt\/#organization"},"potentialAction":[{"@type":"SearchAction","target":{"@type":"EntryPoint","urlTemplate":"https:\/\/lodvila.lt\/?s={search_term_string}"},"query-input":{"@type":"PropertyValueSpecification","valueRequired":true,"valueName":"search_term_string"}}],"inLanguage":"ru-RU"},{"@type":"Organization","@id":"https:\/\/lodvila.lt\/#organization","name":"LODVILA","url":"https:\/\/lodvila.lt\/","logo":{"@type":"ImageObject","inLanguage":"ru-RU","@id":"https:\/\/lodvila.lt\/#\/schema\/logo\/image\/","url":"https:\/\/lodvila.lt\/wp-content\/uploads\/2022\/06\/LODVILA_logo-pilkas-01.jpg","contentUrl":"https:\/\/lodvila.lt\/wp-content\/uploads\/2022\/06\/LODVILA_logo-pilkas-01.jpg","width":540,"height":541,"caption":"LODVILA"},"image":{"@id":"https:\/\/lodvila.lt\/#\/schema\/logo\/image\/"}}]}},"_links":{"self":[{"href":"https:\/\/lodvila.lt\/ru\/wp-json\/wp\/v2\/pages\/4400","targetHints":{"allow":["GET"]}}],"collection":[{"href":"https:\/\/lodvila.lt\/ru\/wp-json\/wp\/v2\/pages"}],"about":[{"href":"https:\/\/lodvila.lt\/ru\/wp-json\/wp\/v2\/types\/page"}],"author":[{"embeddable":true,"href":"https:\/\/lodvila.lt\/ru\/wp-json\/wp\/v2\/users\/1"}],"replies":[{"embeddable":true,"href":"https:\/\/lodvila.lt\/ru\/wp-json\/wp\/v2\/comments?post=4400"}],"version-history":[{"count":0,"href":"https:\/\/lodvila.lt\/ru\/wp-json\/wp\/v2\/pages\/4400\/revisions"}],"wp:attachment":[{"href":"https:\/\/lodvila.lt\/ru\/wp-json\/wp\/v2\/media?parent=4400"}],"curies":[{"name":"wp","href":"https:\/\/api.w.org\/{rel}","templated":true}]}}