{"id":4414,"date":"2022-06-07T12:52:37","date_gmt":"2022-06-07T12:52:37","guid":{"rendered":"https:\/\/www.lodvila.lt\/other-services\/"},"modified":"2022-09-05T08:22:12","modified_gmt":"2022-09-05T08:22:12","slug":"other-services","status":"publish","type":"page","link":"https:\/\/lodvila.lt\/en\/other-services\/","title":{"rendered":"Other Services"},"content":{"rendered":"<div class=\"wpb-content-wrapper\"><p>[vc_row rt_row_background_width=&#8221;fullwidth&#8221; rt_row_content_width=&#8221;default&#8221; rt_row_style=&#8221;light-style&#8221; rt_row_height=&#8221;&#8221; rt_column_gaps=&#8221;&#8221; rt_row_shadows=&#8221;&#8221; rt_row_paddings=&#8221;true&#8221; rt_row_borders=&#8221;&#8221; rt_bg_effect=&#8221;slider&#8221; rt_transparent_bg=&#8221;false&#8221; rt_bg_image_repeat=&#8221;repeat&#8221; rt_bg_size=&#8221;cover&#8221; rt_bg_position=&#8221;right top&#8221; rt_bg_layer=&#8221;&#8221; rt_bg_video_format=&#8221;self-hosted&#8221; rt_padding_top=&#8221;120&#8243; rt_padding_bottom=&#8221;100&#8243; rt_bg_color=&#8221;rgba(0,0,0,0.01)&#8221;][vc_column rt_col_paddings=&#8221;true&#8221; rt_wrp_col_paddings=&#8221;false&#8221; rt_column_shadow=&#8221;&#8221; rt_border_top=&#8221;&#8221; rt_border_bottom=&#8221;&#8221; rt_border_left=&#8221;&#8221; rt_border_right=&#8221;&#8221; rt_border_top_mobile=&#8221;&#8221; rt_border_bottom_mobile=&#8221;&#8221; rt_border_left_mobile=&#8221;&#8221; rt_border_right_mobile=&#8221;&#8221; rt_bg_image_repeat=&#8221;repeat&#8221; rt_bg_size=&#8221;auto auto&#8221; rt_bg_position=&#8221;right top&#8221; rt_bg_attachment=&#8221;scroll&#8221;][vc_column_text]We have all the technical equipment necessary for pre-press, press and post-press operations. In order to save your time and ensure perfect security in all the processes, from receiving files using secure protocols to secure delivery of products, we provide a full range of related services from one source:<\/p>\n<ul>\n<li>Design<\/li>\n<li>Repro study\n<ul>\n<li>We manufacture analogue and digital offset printing forms for commercial products and secure document production.<\/li>\n<li>We have a high-resolution photo-film production line and B2 format CTP equipment.<\/li>\n<\/ul>\n<\/li>\n<\/ul>\n<p>&nbsp;<\/p>\n<ul>\n<li>Printing\n<ul>\n<li>We have multi-colour sheet offset printing machines, multi-colour roll offset machines. We can print with UV inks, and cover with UV varnish. The advanced automatic combined B2 format screen printing line enables the highest-level screen printing.<\/li>\n<\/ul>\n<\/li>\n<\/ul>\n<p>&nbsp;<\/p>\n<ul>\n<li>All printing services:\n<ul>\n<li>Pre-press, printing, folding, stapling, gluing, packaging, laminating, cutting, numbering, gilding, foiling, etc.<\/li>\n<\/ul>\n<\/li>\n<\/ul>\n<p>&nbsp;<\/p>\n<ul>\n<li>Secure transportation<\/li>\n<\/ul>\n<p>[\/vc_column_text][vc_empty_space]<a  href=\"\/en\/gallery\/ \" target=\"_self\" title=\"Kontaktai\" class=\"read_more  heading-font text small\">Gallery<\/a>[\/vc_column][\/vc_row]<\/p>\n<\/div>","protected":false},"excerpt":{"rendered":"<p>[vc_row rt_row_background_width=&#8221;fullwidth&#8221; rt_row_content_width=&#8221;default&#8221; rt_row_style=&#8221;light-style&#8221; rt_row_height=&#8221;&#8221; rt_column_gaps=&#8221;&#8221; rt_row_shadows=&#8221;&#8221; rt_row_paddings=&#8221;true&#8221; rt_row_borders=&#8221;&#8221; rt_bg_effect=&#8221;slider&#8221; rt_transparent_bg=&#8221;false&#8221; rt_bg_image_repeat=&#8221;repeat&#8221; rt_bg_size=&#8221;cover&#8221; rt_bg_position=&#8221;right top&#8221; rt_bg_layer=&#8221;&#8221; rt_bg_video_format=&#8221;self-hosted&#8221; rt_padding_top=&#8221;120&#8243; rt_padding_bottom=&#8221;100&#8243; rt_bg_color=&#8221;rgba(0,0,0,0.01)&#8221;][vc_column rt_col_paddings=&#8221;true&#8221; rt_wrp_col_paddings=&#8221;false&#8221; rt_column_shadow=&#8221;&#8221; rt_border_top=&#8221;&#8221; rt_border_bottom=&#8221;&#8221; rt_border_left=&#8221;&#8221; rt_border_right=&#8221;&#8221; rt_border_top_mobile=&#8221;&#8221; rt_border_bottom_mobile=&#8221;&#8221; rt_border_left_mobile=&#8221;&#8221; rt_border_right_mobile=&#8221;&#8221; rt_bg_image_repeat=&#8221;repeat&#8221; rt_bg_size=&#8221;auto auto&#8221; rt_bg_position=&#8221;right top&#8221; rt_bg_attachment=&#8221;scroll&#8221;][vc_column_text]We have all the technical equipment necessary for pre-press, press and post-press operations. In order to save your time [&hellip;]<\/p>\n","protected":false},"author":1,"featured_media":0,"parent":0,"menu_order":0,"comment_status":"closed","ping_status":"closed","template":"","meta":{"footnotes":""},"class_list":["post-4414","page","type-page","status-publish","hentry"],"yoast_head":"<!-- This site is optimized with the Yoast SEO plugin v27.4 - https:\/\/yoast.com\/product\/yoast-seo-wordpress\/ -->\n<title>Other Services - LODVILA<\/title>\n<meta name=\"robots\" content=\"index, follow, max-snippet:-1, max-image-preview:large, max-video-preview:-1\" \/>\n<link rel=\"canonical\" href=\"https:\/\/lodvila.lt\/en\/other-services\/\" \/>\n<meta property=\"og:locale\" content=\"en_US\" \/>\n<meta property=\"og:type\" content=\"article\" \/>\n<meta property=\"og:title\" content=\"Other Services - LODVILA\" \/>\n<meta property=\"og:description\" content=\"[vc_row rt_row_background_width=&#8221;fullwidth&#8221; rt_row_content_width=&#8221;default&#8221; rt_row_style=&#8221;light-style&#8221; rt_row_height=&#8221;&#8221; rt_column_gaps=&#8221;&#8221; rt_row_shadows=&#8221;&#8221; rt_row_paddings=&#8221;true&#8221; rt_row_borders=&#8221;&#8221; rt_bg_effect=&#8221;slider&#8221; rt_transparent_bg=&#8221;false&#8221; rt_bg_image_repeat=&#8221;repeat&#8221; rt_bg_size=&#8221;cover&#8221; rt_bg_position=&#8221;right top&#8221; rt_bg_layer=&#8221;&#8221; rt_bg_video_format=&#8221;self-hosted&#8221; rt_padding_top=&#8221;120&#8243; rt_padding_bottom=&#8221;100&#8243; rt_bg_color=&#8221;rgba(0,0,0,0.01)&#8221;][vc_column rt_col_paddings=&#8221;true&#8221; rt_wrp_col_paddings=&#8221;false&#8221; rt_column_shadow=&#8221;&#8221; rt_border_top=&#8221;&#8221; rt_border_bottom=&#8221;&#8221; rt_border_left=&#8221;&#8221; rt_border_right=&#8221;&#8221; rt_border_top_mobile=&#8221;&#8221; rt_border_bottom_mobile=&#8221;&#8221; rt_border_left_mobile=&#8221;&#8221; rt_border_right_mobile=&#8221;&#8221; rt_bg_image_repeat=&#8221;repeat&#8221; rt_bg_size=&#8221;auto auto&#8221; rt_bg_position=&#8221;right top&#8221; rt_bg_attachment=&#8221;scroll&#8221;][vc_column_text]We have all the technical equipment necessary for pre-press, press and post-press operations. In order to save your time [&hellip;]\" \/>\n<meta property=\"og:url\" content=\"https:\/\/lodvila.lt\/en\/other-services\/\" \/>\n<meta property=\"og:site_name\" content=\"LODVILA\" \/>\n<meta property=\"article:modified_time\" content=\"2022-09-05T08:22:12+00:00\" \/>\n<meta name=\"twitter:card\" content=\"summary_large_image\" \/>\n<meta name=\"twitter:label1\" content=\"Est. reading time\" \/>\n\t<meta name=\"twitter:data1\" content=\"2 minutes\" \/>\n<script type=\"application\/ld+json\" class=\"yoast-schema-graph\">{\"@context\":\"https:\\\/\\\/schema.org\",\"@graph\":[{\"@type\":\"WebPage\",\"@id\":\"https:\\\/\\\/lodvila.lt\\\/en\\\/other-services\\\/\",\"url\":\"https:\\\/\\\/lodvila.lt\\\/en\\\/other-services\\\/\",\"name\":\"Other Services - LODVILA\",\"isPartOf\":{\"@id\":\"https:\\\/\\\/lodvila.lt\\\/#website\"},\"datePublished\":\"2022-06-07T12:52:37+00:00\",\"dateModified\":\"2022-09-05T08:22:12+00:00\",\"breadcrumb\":{\"@id\":\"https:\\\/\\\/lodvila.lt\\\/en\\\/other-services\\\/#breadcrumb\"},\"inLanguage\":\"en-US\",\"potentialAction\":[{\"@type\":\"ReadAction\",\"target\":[\"https:\\\/\\\/lodvila.lt\\\/en\\\/other-services\\\/\"]}]},{\"@type\":\"BreadcrumbList\",\"@id\":\"https:\\\/\\\/lodvila.lt\\\/en\\\/other-services\\\/#breadcrumb\",\"itemListElement\":[{\"@type\":\"ListItem\",\"position\":1,\"name\":\"Home\",\"item\":\"https:\\\/\\\/lodvila.lt\\\/en\\\/homie\\\/\"},{\"@type\":\"ListItem\",\"position\":2,\"name\":\"Other Services\"}]},{\"@type\":\"WebSite\",\"@id\":\"https:\\\/\\\/lodvila.lt\\\/#website\",\"url\":\"https:\\\/\\\/lodvila.lt\\\/\",\"name\":\"LODVILA\",\"description\":\"25+ metus esame Baltijos \u0161ali\u0173 saugios spaudos lyderi\u0173 gretose. Pasitelkdami pa\u017eangiausias technologijas ir patyrusi\u0173 specialist\u0173 komand\u0105 gaminame auk\u0161\u010diausiu tarptautiniu lygiu apsaugotus dokumentus.\",\"publisher\":{\"@id\":\"https:\\\/\\\/lodvila.lt\\\/#organization\"},\"potentialAction\":[{\"@type\":\"SearchAction\",\"target\":{\"@type\":\"EntryPoint\",\"urlTemplate\":\"https:\\\/\\\/lodvila.lt\\\/?s={search_term_string}\"},\"query-input\":{\"@type\":\"PropertyValueSpecification\",\"valueRequired\":true,\"valueName\":\"search_term_string\"}}],\"inLanguage\":\"en-US\"},{\"@type\":\"Organization\",\"@id\":\"https:\\\/\\\/lodvila.lt\\\/#organization\",\"name\":\"LODVILA\",\"url\":\"https:\\\/\\\/lodvila.lt\\\/\",\"logo\":{\"@type\":\"ImageObject\",\"inLanguage\":\"en-US\",\"@id\":\"https:\\\/\\\/lodvila.lt\\\/#\\\/schema\\\/logo\\\/image\\\/\",\"url\":\"https:\\\/\\\/lodvila.lt\\\/wp-content\\\/uploads\\\/2022\\\/06\\\/LODVILA_logo-pilkas-01.jpg\",\"contentUrl\":\"https:\\\/\\\/lodvila.lt\\\/wp-content\\\/uploads\\\/2022\\\/06\\\/LODVILA_logo-pilkas-01.jpg\",\"width\":540,\"height\":541,\"caption\":\"LODVILA\"},\"image\":{\"@id\":\"https:\\\/\\\/lodvila.lt\\\/#\\\/schema\\\/logo\\\/image\\\/\"}}]}<\/script>\n<!-- \/ Yoast SEO plugin. -->","yoast_head_json":{"title":"Other Services - LODVILA","robots":{"index":"index","follow":"follow","max-snippet":"max-snippet:-1","max-image-preview":"max-image-preview:large","max-video-preview":"max-video-preview:-1"},"canonical":"https:\/\/lodvila.lt\/en\/other-services\/","og_locale":"en_US","og_type":"article","og_title":"Other Services - LODVILA","og_description":"[vc_row rt_row_background_width=&#8221;fullwidth&#8221; rt_row_content_width=&#8221;default&#8221; rt_row_style=&#8221;light-style&#8221; rt_row_height=&#8221;&#8221; rt_column_gaps=&#8221;&#8221; rt_row_shadows=&#8221;&#8221; rt_row_paddings=&#8221;true&#8221; rt_row_borders=&#8221;&#8221; rt_bg_effect=&#8221;slider&#8221; rt_transparent_bg=&#8221;false&#8221; rt_bg_image_repeat=&#8221;repeat&#8221; rt_bg_size=&#8221;cover&#8221; rt_bg_position=&#8221;right top&#8221; rt_bg_layer=&#8221;&#8221; rt_bg_video_format=&#8221;self-hosted&#8221; rt_padding_top=&#8221;120&#8243; rt_padding_bottom=&#8221;100&#8243; rt_bg_color=&#8221;rgba(0,0,0,0.01)&#8221;][vc_column rt_col_paddings=&#8221;true&#8221; rt_wrp_col_paddings=&#8221;false&#8221; rt_column_shadow=&#8221;&#8221; rt_border_top=&#8221;&#8221; rt_border_bottom=&#8221;&#8221; rt_border_left=&#8221;&#8221; rt_border_right=&#8221;&#8221; rt_border_top_mobile=&#8221;&#8221; rt_border_bottom_mobile=&#8221;&#8221; rt_border_left_mobile=&#8221;&#8221; rt_border_right_mobile=&#8221;&#8221; rt_bg_image_repeat=&#8221;repeat&#8221; rt_bg_size=&#8221;auto auto&#8221; rt_bg_position=&#8221;right top&#8221; rt_bg_attachment=&#8221;scroll&#8221;][vc_column_text]We have all the technical equipment necessary for pre-press, press and post-press operations. In order to save your time [&hellip;]","og_url":"https:\/\/lodvila.lt\/en\/other-services\/","og_site_name":"LODVILA","article_modified_time":"2022-09-05T08:22:12+00:00","twitter_card":"summary_large_image","twitter_misc":{"Est. reading time":"2 minutes"},"schema":{"@context":"https:\/\/schema.org","@graph":[{"@type":"WebPage","@id":"https:\/\/lodvila.lt\/en\/other-services\/","url":"https:\/\/lodvila.lt\/en\/other-services\/","name":"Other Services - LODVILA","isPartOf":{"@id":"https:\/\/lodvila.lt\/#website"},"datePublished":"2022-06-07T12:52:37+00:00","dateModified":"2022-09-05T08:22:12+00:00","breadcrumb":{"@id":"https:\/\/lodvila.lt\/en\/other-services\/#breadcrumb"},"inLanguage":"en-US","potentialAction":[{"@type":"ReadAction","target":["https:\/\/lodvila.lt\/en\/other-services\/"]}]},{"@type":"BreadcrumbList","@id":"https:\/\/lodvila.lt\/en\/other-services\/#breadcrumb","itemListElement":[{"@type":"ListItem","position":1,"name":"Home","item":"https:\/\/lodvila.lt\/en\/homie\/"},{"@type":"ListItem","position":2,"name":"Other Services"}]},{"@type":"WebSite","@id":"https:\/\/lodvila.lt\/#website","url":"https:\/\/lodvila.lt\/","name":"LODVILA","description":"25+ metus esame Baltijos \u0161ali\u0173 saugios spaudos lyderi\u0173 gretose. Pasitelkdami pa\u017eangiausias technologijas ir patyrusi\u0173 specialist\u0173 komand\u0105 gaminame auk\u0161\u010diausiu tarptautiniu lygiu apsaugotus dokumentus.","publisher":{"@id":"https:\/\/lodvila.lt\/#organization"},"potentialAction":[{"@type":"SearchAction","target":{"@type":"EntryPoint","urlTemplate":"https:\/\/lodvila.lt\/?s={search_term_string}"},"query-input":{"@type":"PropertyValueSpecification","valueRequired":true,"valueName":"search_term_string"}}],"inLanguage":"en-US"},{"@type":"Organization","@id":"https:\/\/lodvila.lt\/#organization","name":"LODVILA","url":"https:\/\/lodvila.lt\/","logo":{"@type":"ImageObject","inLanguage":"en-US","@id":"https:\/\/lodvila.lt\/#\/schema\/logo\/image\/","url":"https:\/\/lodvila.lt\/wp-content\/uploads\/2022\/06\/LODVILA_logo-pilkas-01.jpg","contentUrl":"https:\/\/lodvila.lt\/wp-content\/uploads\/2022\/06\/LODVILA_logo-pilkas-01.jpg","width":540,"height":541,"caption":"LODVILA"},"image":{"@id":"https:\/\/lodvila.lt\/#\/schema\/logo\/image\/"}}]}},"_links":{"self":[{"href":"https:\/\/lodvila.lt\/en\/wp-json\/wp\/v2\/pages\/4414","targetHints":{"allow":["GET"]}}],"collection":[{"href":"https:\/\/lodvila.lt\/en\/wp-json\/wp\/v2\/pages"}],"about":[{"href":"https:\/\/lodvila.lt\/en\/wp-json\/wp\/v2\/types\/page"}],"author":[{"embeddable":true,"href":"https:\/\/lodvila.lt\/en\/wp-json\/wp\/v2\/users\/1"}],"replies":[{"embeddable":true,"href":"https:\/\/lodvila.lt\/en\/wp-json\/wp\/v2\/comments?post=4414"}],"version-history":[{"count":0,"href":"https:\/\/lodvila.lt\/en\/wp-json\/wp\/v2\/pages\/4414\/revisions"}],"wp:attachment":[{"href":"https:\/\/lodvila.lt\/en\/wp-json\/wp\/v2\/media?parent=4414"}],"curies":[{"name":"wp","href":"https:\/\/api.w.org\/{rel}","templated":true}]}}